{"id":9,"date":"2021-06-04T16:30:24","date_gmt":"2021-06-04T15:30:24","guid":{"rendered":"https:\/\/groupesls.wordpress.com\/?page_id=9"},"modified":"2021-06-04T16:30:24","modified_gmt":"2021-06-04T15:30:24","slug":"about","status":"publish","type":"page","link":"https:\/\/sportsloisirssante.com\/index.php\/about\/","title":{"rendered":"Fonds Michel Julien"},"content":{"rendered":"\n<div style=\"height:20px;\" aria-hidden=\"true\" class=\"wp-block-spacer\"><\/div>\n\n\n\n<div class=\"wp-block-group alignfull\"><div class=\"wp-block-group__inner-container is-layout-flow wp-block-group-is-layout-flow\">\n<div class=\"wp-block-jetpack-layout-grid alignfull column1-desktop-grid__span-3 column1-desktop-grid__start-2 column1-desktop-grid__row-1 column2-desktop-grid__span-6 column2-desktop-grid__start-6 column2-desktop-grid__row-1 column1-tablet-grid__span-3 column1-tablet-grid__row-1 column2-tablet-grid__span-5 column2-tablet-grid__start-4 column2-tablet-grid__row-1 column1-mobile-grid__span-4 column1-mobile-grid__row-1 column2-mobile-grid__span-4 column2-mobile-grid__row-2\">\n<div class=\"wp-block-jetpack-layout-grid-column wp-block-jetpack-layout-grid__padding-none\">\n<figure class=\"wp-block-image size-large is-resized\"><img loading=\"lazy\" decoding=\"async\" src=\"https:\/\/sportsloisirssante.com\/wp-content\/uploads\/2021\/06\/logo_fonds.png?w=1024\" alt=\"\" class=\"wp-image-96\" width=\"195\" height=\"129\" srcset=\"https:\/\/sportsloisirssante.com\/wp-content\/uploads\/2021\/06\/logo_fonds.png 2592w, https:\/\/sportsloisirssante.com\/wp-content\/uploads\/2021\/06\/logo_fonds-300x200.png 300w, https:\/\/sportsloisirssante.com\/wp-content\/uploads\/2021\/06\/logo_fonds-1024x683.png 1024w, https:\/\/sportsloisirssante.com\/wp-content\/uploads\/2021\/06\/logo_fonds-768x512.png 768w, https:\/\/sportsloisirssante.com\/wp-content\/uploads\/2021\/06\/logo_fonds-1536x1024.png 1536w, https:\/\/sportsloisirssante.com\/wp-content\/uploads\/2021\/06\/logo_fonds-2048x1365.png 2048w, https:\/\/sportsloisirssante.com\/wp-content\/uploads\/2021\/06\/logo_fonds-1568x1045.png 1568w\" sizes=\"(max-width: 195px) 100vw, 195px\" \/><\/figure>\n<\/div>\n\n\n\n<div class=\"wp-block-jetpack-layout-grid-column wp-block-jetpack-layout-grid__padding-none\">\n<p>Le Fonds Michel Julien fut cr\u00e9\u00e9 en janvier 2017 afin d\u2019honorer sa contribution extraordinaire au d\u00e9veloppement du sport \u00e9tudiant dans les r\u00e9gions de Qu\u00e9bec et de Chaudi\u00e8re-Appalaches. Le Fonds vise \u00e0 reconna\u00eetre et soutenir l\u2019engagement exemplaire d\u2019individus et d\u2019\u00e9tablissement dans le d\u00e9veloppement d\u2019activit\u00e9s physiques et sportives ainsi que dans la promotion des valeurs qui y sont associ\u00e9es.<\/p>\n\n\n\n<p>Soucieux de trouver des fa\u00e7ons originales de financer ce Fonds et conscient des limites actuelles de la philanthropie, le RSEQ-QCA se tourne vers des solutions nouvelles.<\/p>\n\n\n\n<p><br>C\u2019est pourquoi nous sommes heureux d\u2019annoncer la mise en place des ligues sportives Michel Julien. Ces ligues qui s\u2019adressent au grand public, se veulent des occasions de demeurer actifs dans un sport vous ayant apport\u00e9 beaucoup, tout en redonnant au d\u00e9veloppement du sport et \u00e0 sa promotion. Tous les profits tir\u00e9s des ligues Michel Julien seront vers\u00e9s en bourses ou en soutien financier \u00e0 des initiatives qui permettent de d\u00e9velopper les impacts positifs du sport sur le d\u00e9veloppement de la jeunesse.<\/p>\n\n\n\n<p><br>Votre participation soutient directement des jeunes et des \u00e9tablissements qui se pr\u00e9occupent de la sant\u00e9 physique et mentale des jeunes.<\/p>\n\n\n\n<p><\/p>\n<\/div>\n<\/div>\n<\/div><\/div>\n","protected":false},"excerpt":{"rendered":"","protected":false},"author":1,"featured_media":0,"parent":0,"menu_order":0,"comment_status":"closed","ping_status":"closed","template":"","meta":{"footnotes":""},"class_list":["post-9","page","type-page","status-publish","hentry","entry"],"_links":{"self":[{"href":"https:\/\/sportsloisirssante.com\/index.php\/wp-json\/wp\/v2\/pages\/9"}],"collection":[{"href":"https:\/\/sportsloisirssante.com\/index.php\/wp-json\/wp\/v2\/pages"}],"about":[{"href":"https:\/\/sportsloisirssante.com\/index.php\/wp-json\/wp\/v2\/types\/page"}],"author":[{"embeddable":true,"href":"https:\/\/sportsloisirssante.com\/index.php\/wp-json\/wp\/v2\/users\/1"}],"replies":[{"embeddable":true,"href":"https:\/\/sportsloisirssante.com\/index.php\/wp-json\/wp\/v2\/comments?post=9"}],"version-history":[{"count":0,"href":"https:\/\/sportsloisirssante.com\/index.php\/wp-json\/wp\/v2\/pages\/9\/revisions"}],"wp:attachment":[{"href":"https:\/\/sportsloisirssante.com\/index.php\/wp-json\/wp\/v2\/media?parent=9"}],"curies":[{"name":"wp","href":"https:\/\/api.w.org\/{rel}","templated":true}]}}