{"id":7,"date":"2021-06-04T16:30:26","date_gmt":"2021-06-04T15:30:26","guid":{"rendered":"https:\/\/groupesls.wordpress.com\/?page_id=7"},"modified":"2021-10-29T14:19:29","modified_gmt":"2021-10-29T14:19:29","slug":"blog","status":"publish","type":"page","link":"https:\/\/sportsloisirssante.com\/index.php\/blog\/","title":{"rendered":"\u00c9v\u00e9nements"},"content":{"rendered":"\n<div class=\"wp-block-image\"><figure class=\"alignleft size-large is-resized\"><img loading=\"lazy\" decoding=\"async\" src=\"https:\/\/sportsloisirssante.com\/wp-content\/uploads\/2021\/06\/soccer3v3.png?w=1024\" alt=\"\" class=\"wp-image-103\" width=\"261\" height=\"174\" srcset=\"https:\/\/sportsloisirssante.com\/wp-content\/uploads\/2021\/06\/soccer3v3.png 10800w, https:\/\/sportsloisirssante.com\/wp-content\/uploads\/2021\/06\/soccer3v3-300x200.png 300w, https:\/\/sportsloisirssante.com\/wp-content\/uploads\/2021\/06\/soccer3v3-1024x683.png 1024w, https:\/\/sportsloisirssante.com\/wp-content\/uploads\/2021\/06\/soccer3v3-768x512.png 768w, https:\/\/sportsloisirssante.com\/wp-content\/uploads\/2021\/06\/soccer3v3-1536x1024.png 1536w, https:\/\/sportsloisirssante.com\/wp-content\/uploads\/2021\/06\/soccer3v3-2048x1365.png 2048w, https:\/\/sportsloisirssante.com\/wp-content\/uploads\/2021\/06\/soccer3v3-1568x1045.png 1568w\" sizes=\"(max-width: 261px) 100vw, 261px\" \/><\/figure><\/div>\n\n\n\n<h3 class=\"wp-block-heading\">Soccer 3vs3&nbsp;<\/h3>\n\n\n\n<h6 class=\"wp-block-heading\">Pr\u00e9sent\u00e9 par Soccer Sport Fitness<\/h6>\n\n\n\n<p>Le foot de rue, aussi appel\u00e9 &laquo; Street soccer &raquo; gagne en popularit\u00e9 partout sur le plan\u00e8te. Peu connu encore \u00e0 Qu\u00e9bec, nous souhaitons permettre aux gens une occasion d&rsquo;essayer ce sport et de vivre le soccer autrement. <\/p>\n\n\n\n<p>Surveillez notre site internet et notre <a href=\"https:\/\/www.facebook.com\/Street-soccer-de-la-Capitale-102076302194476\">page Facebook<\/a> pour conna\u00eetre les dates des prochains tournois. <\/p>\n\n\n\n<div class=\"wp-block-image\"><figure class=\"alignleft size-large is-resized\"><img loading=\"lazy\" decoding=\"async\" src=\"https:\/\/sportsloisirssante.com\/wp-content\/uploads\/2021\/06\/logo-event.jpg?w=782\" alt=\"\" class=\"wp-image-101\" width=\"164\" height=\"157\" srcset=\"https:\/\/sportsloisirssante.com\/wp-content\/uploads\/2021\/06\/logo-event.jpg 782w, https:\/\/sportsloisirssante.com\/wp-content\/uploads\/2021\/06\/logo-event-300x288.jpg 300w, https:\/\/sportsloisirssante.com\/wp-content\/uploads\/2021\/06\/logo-event-768x737.jpg 768w\" sizes=\"(max-width: 164px) 100vw, 164px\" \/><\/figure><\/div>\n\n\n\n<h3 class=\"wp-block-heading\"><a href=\"https:\/\/classique3x3.com\/\">Basket 3vs3<\/a>&nbsp;<\/h3>\n\n\n\n<h6 class=\"wp-block-heading\">Pr\u00e9sent\u00e9 par Fondation 104<\/h6>\n\n\n\n<p class=\"has-text-align-left\">Le Groupe sport loisir sant\u00e9 est fier de vous pr\u00e9senter l&rsquo;\u00e9v\u00e9nement &laquo; Classique provincial de basketball 3vs3 de la Capitale &laquo; qui se d\u00e9roulera les 27 et 28 ao\u00fbt \u00e0 Expocit\u00e9.<\/p>\n\n\n\n<p class=\"has-text-align-left\">Le basketball gagne en popularit\u00e9 depuis plusieurs ann\u00e9es et le Canada devient tranquillement une puissance du basketball mondial, propuls\u00e9 par les succ\u00e8s r\u00e9cents d\u2019athl\u00e8tes canadiens et qu\u00e9b\u00e9cois au plus haut niveau.<\/p>\n\n\n\n<p class=\"has-text-align-left\">La ville de Qu\u00e9bec est, depuis maintenant deux ans, la ville accueillant le plus de parties de basketball au Qu\u00e9bec. Le basketball 3 contre 3 fera son entr\u00e9e aux prochains jeux olympiques.<\/p>\n\n\n\n<p class=\"has-text-align-left\">Ces \u00e9l\u00e9ments font de la Capitale Nationale un endroit tout d\u00e9sign\u00e9 pour \u00e9tablir un \u00e9v\u00e9nement provincial de basketball 3 contre 3.<\/p>\n\n\n\n<p class=\"has-text-align-left\">Avec l\u2019appui de la F\u00e9d\u00e9ration de basketball du Qu\u00e9bec, la Classique provinciale 3&#215;3 de la Capitale Nationale est mise sur pied comme l\u2019\u00e9v\u00e9nement de fin de saison estival reconnu par la f\u00e9d\u00e9ration.<\/p>\n\n\n\n<p>Site internet: <a href=\"https:\/\/classique3x3.com\/\">classique3x3.com<\/a><\/p>\n\n\n\n<p><a href=\"https:\/\/www.facebook.com\/classiqueprovincial3x3\">Facebook<\/a> \/ <a href=\"https:\/\/www.instagram.com\/classique3vs3\/\">Instagram<\/a> <\/p>\n\n\n\n<hr class=\"wp-block-separator is-style-wide\"\/>\n","protected":false},"excerpt":{"rendered":"<p>Soccer 3vs3&nbsp; Pr\u00e9sent\u00e9 par Soccer Sport Fitness Le foot de rue, aussi appel\u00e9 &laquo; Street soccer &raquo; gagne en popularit\u00e9 partout sur le plan\u00e8te. Peu connu encore \u00e0 Qu\u00e9bec, nous souhaitons permettre aux gens une occasion d&rsquo;essayer ce sport et de vivre le soccer autrement. Surveillez notre site internet et notre page Facebook pour conna\u00eetre<a class=\"more-link\" href=\"https:\/\/sportsloisirssante.com\/index.php\/blog\/\">Continue reading <span class=\"screen-reader-text\">&laquo; \u00c9v\u00e9nements &raquo;<\/span><\/a><\/p>\n","protected":false},"author":1,"featured_media":0,"parent":0,"menu_order":0,"comment_status":"closed","ping_status":"closed","template":"","meta":{"footnotes":""},"class_list":["post-7","page","type-page","status-publish","hentry","entry"],"_links":{"self":[{"href":"https:\/\/sportsloisirssante.com\/index.php\/wp-json\/wp\/v2\/pages\/7"}],"collection":[{"href":"https:\/\/sportsloisirssante.com\/index.php\/wp-json\/wp\/v2\/pages"}],"about":[{"href":"https:\/\/sportsloisirssante.com\/index.php\/wp-json\/wp\/v2\/types\/page"}],"author":[{"embeddable":true,"href":"https:\/\/sportsloisirssante.com\/index.php\/wp-json\/wp\/v2\/users\/1"}],"replies":[{"embeddable":true,"href":"https:\/\/sportsloisirssante.com\/index.php\/wp-json\/wp\/v2\/comments?post=7"}],"version-history":[{"count":1,"href":"https:\/\/sportsloisirssante.com\/index.php\/wp-json\/wp\/v2\/pages\/7\/revisions"}],"predecessor-version":[{"id":129,"href":"https:\/\/sportsloisirssante.com\/index.php\/wp-json\/wp\/v2\/pages\/7\/revisions\/129"}],"wp:attachment":[{"href":"https:\/\/sportsloisirssante.com\/index.php\/wp-json\/wp\/v2\/media?parent=7"}],"curies":[{"name":"wp","href":"https:\/\/api.w.org\/{rel}","templated":true}]}}