{"id":67,"date":"2021-06-04T15:47:26","date_gmt":"2021-06-04T19:47:26","guid":{"rendered":"https:\/\/groupesls.wordpress.com\/?page_id=67"},"modified":"2021-10-29T14:09:23","modified_gmt":"2021-10-29T14:09:23","slug":"objectif-forme","status":"publish","type":"page","link":"https:\/\/sportsloisirssante.com\/index.php\/objectif-forme\/","title":{"rendered":"Objectif forme"},"content":{"rendered":"\n<figure class=\"wp-block-image size-large is-resized\"><img loading=\"lazy\" decoding=\"async\" src=\"https:\/\/sportsloisirssante.com\/wp-content\/uploads\/2021\/06\/logo.png?w=800\" alt=\"\" class=\"wp-image-77\" width=\"378\" height=\"109\" srcset=\"https:\/\/sportsloisirssante.com\/wp-content\/uploads\/2021\/06\/logo.png 800w, https:\/\/sportsloisirssante.com\/wp-content\/uploads\/2021\/06\/logo-300x87.png 300w, https:\/\/sportsloisirssante.com\/wp-content\/uploads\/2021\/06\/logo-768x222.png 768w\" sizes=\"(max-width: 378px) 100vw, 378px\" \/><\/figure>\n\n\n\n<p>Depuis notre fondation, en 1992, nous dispensons des services d\u2019enseignement sportifs et culturels qui s\u2019adressent aux commissions scolaires, aux services de loisirs ainsi qu\u2019\u00e0 d\u2019autres organismes. Nous sommes aujourd\u2019hui pr\u00e9sents dans toute la grande r\u00e9gion de Qu\u00e9bec, toujours avec le m\u00eame objectif : garder vos enfants en forme.<\/p>\n\n\n\n<p>Objectif Forme se donne une mission r\u00e9cr\u00e9ative centr\u00e9e sur la mise en forme physique des participants. Faire bouger tout en s&rsquo;amusant, c&rsquo;est notre expertise !<\/p>\n\n\n\n<p><\/p>\n\n\n\n<p>Nos objectifs:&nbsp;<\/p>\n\n\n\n<ul class=\"wp-block-list\"><li>Donner la chance \u00e0 tous de participer \u00e0 des activit\u00e9s<\/li><\/ul>\n\n\n\n<ul class=\"wp-block-list\"><li>Permettre \u00e0 chacun de s&rsquo;initier \u00e0 de nouvelles activit\u00e9s<\/li><\/ul>\n\n\n\n<ul class=\"wp-block-list\"><li>Explorer les go\u00fbts et les int\u00e9r\u00eats de chacun<\/li><\/ul>\n\n\n\n<p>Site internet:&nbsp;<a href=\"https:\/\/objectifforme.ca\/\" target=\"_blank\" rel=\"noreferrer noopener\">objectifforme.ca<\/a><\/p>\n","protected":false},"excerpt":{"rendered":"<p>Depuis notre fondation, en 1992, nous dispensons des services d\u2019enseignement sportifs et culturels qui s\u2019adressent aux commissions scolaires, aux services de loisirs ainsi qu\u2019\u00e0 d\u2019autres organismes. Nous sommes aujourd\u2019hui pr\u00e9sents dans toute la grande r\u00e9gion de Qu\u00e9bec, toujours avec le m\u00eame objectif : garder vos enfants en forme. Objectif Forme se donne une mission r\u00e9cr\u00e9ative<a class=\"more-link\" href=\"https:\/\/sportsloisirssante.com\/index.php\/objectif-forme\/\">Continue reading <span class=\"screen-reader-text\">&laquo; Objectif forme &raquo;<\/span><\/a><\/p>\n","protected":false},"author":1,"featured_media":0,"parent":0,"menu_order":0,"comment_status":"closed","ping_status":"closed","template":"","meta":{"footnotes":""},"class_list":["post-67","page","type-page","status-publish","hentry","entry"],"_links":{"self":[{"href":"https:\/\/sportsloisirssante.com\/index.php\/wp-json\/wp\/v2\/pages\/67"}],"collection":[{"href":"https:\/\/sportsloisirssante.com\/index.php\/wp-json\/wp\/v2\/pages"}],"about":[{"href":"https:\/\/sportsloisirssante.com\/index.php\/wp-json\/wp\/v2\/types\/page"}],"author":[{"embeddable":true,"href":"https:\/\/sportsloisirssante.com\/index.php\/wp-json\/wp\/v2\/users\/1"}],"replies":[{"embeddable":true,"href":"https:\/\/sportsloisirssante.com\/index.php\/wp-json\/wp\/v2\/comments?post=67"}],"version-history":[{"count":1,"href":"https:\/\/sportsloisirssante.com\/index.php\/wp-json\/wp\/v2\/pages\/67\/revisions"}],"predecessor-version":[{"id":123,"href":"https:\/\/sportsloisirssante.com\/index.php\/wp-json\/wp\/v2\/pages\/67\/revisions\/123"}],"wp:attachment":[{"href":"https:\/\/sportsloisirssante.com\/index.php\/wp-json\/wp\/v2\/media?parent=67"}],"curies":[{"name":"wp","href":"https:\/\/api.w.org\/{rel}","templated":true}]}}