{"id":46,"date":"2021-06-04T13:37:21","date_gmt":"2021-06-04T17:37:21","guid":{"rendered":"https:\/\/groupesls.wordpress.com\/?page_id=46"},"modified":"2024-08-22T14:04:22","modified_gmt":"2024-08-22T14:04:22","slug":"accueil","status":"publish","type":"page","link":"https:\/\/sportsloisirssante.com\/","title":{"rendered":"Accueil"},"content":{"rendered":"\n<div class=\"wp-block-cover alignfull has-background-dim-20 has-background-dim has-parallax\" style=\"background-image:url(https:\/\/sportsloisirssante.com\/wp-content\/uploads\/2021\/06\/pexels-pixabay-163444.jpg);background-color:#000000\"><div class=\"wp-block-cover__inner-container is-layout-flow wp-block-cover-is-layout-flow\">\n<hr class=\"wp-block-separator\"\/>\n\n\n\n<div style=\"height:20px\" aria-hidden=\"true\" class=\"wp-block-spacer\"><\/div>\n\n\n\n<h2 class=\"has-text-align-center wp-block-heading\"><\/h2>\n\n\n\n<div class=\"wp-block-image\"><figure class=\"aligncenter size-large is-resized\"><img loading=\"lazy\" decoding=\"async\" src=\"https:\/\/sportsloisirssante.com\/wp-content\/uploads\/2021\/06\/logo-sls_blanc.png?w=750\" alt=\"\" class=\"wp-image-62\" width=\"493\" height=\"208\" srcset=\"https:\/\/sportsloisirssante.com\/wp-content\/uploads\/2021\/06\/logo-sls_blanc.png 780w, https:\/\/sportsloisirssante.com\/wp-content\/uploads\/2021\/06\/logo-sls_blanc-300x127.png 300w, https:\/\/sportsloisirssante.com\/wp-content\/uploads\/2021\/06\/logo-sls_blanc-768x325.png 768w\" sizes=\"(max-width: 493px) 100vw, 493px\" \/><\/figure><\/div>\n\n\n\n<div style=\"height:20px\" aria-hidden=\"true\" class=\"wp-block-spacer\"><\/div>\n\n\n\n<hr class=\"wp-block-separator\"\/>\n<\/div><\/div>\n\n\n\n<div style=\"height:84px\" aria-hidden=\"true\" class=\"wp-block-spacer\"><\/div>\n\n\n\n<h4 class=\"has-text-align-center wp-block-heading\">\u00c0 propos<\/h4>\n\n\n\n<p>Fond\u00e9 par le R\u00e9seau du sport \u00e9tudiant de Qu\u00e9bec Chaudi\u00e8re-Appalaches, le Groupe Sports, loisirs, sant\u00e9 est un OBNL d\u00e9di\u00e9 \u00e0 une offre de services sportifs en tout genre pour le grand public dans le but d\u2019amasser des fonds permettant une plus grande d\u00e9mocratisation du sport dans les r\u00e9gions de la Capitale-Nationale et de Chaudi\u00e8re-Appalaches.<\/p>\n\n\n\n<p>Le Groupe SLS b\u00e9n\u00e9ficie de l\u2019expertise et de l\u2019historique du RSEQ Qu\u00e9bec Chaudi\u00e8re-Appalaches qui \u0153uvre au niveau du sport scolaire depuis plus de 50 ans. Le RSEQ-QCA constitue l\u2019instance r\u00e9gionale la plus grosse du R\u00e9seau du Sport \u00c9tudiant du Qu\u00e9bec.<\/p>\n\n\n\n<p>Par le biais du Groupe SLS, le RSEQ-QCA vise \u00e0 assurer une diversification de ses revenus qui viendront soutenir le d\u00e9veloppement du sport scolaire, outil par excellence de d\u00e9mocratisation du sport et d\u2019initiation \u00e0 la pratique sportive.&nbsp;<\/p>\n\n\n\n<p>Tous les \u00e9v\u00e9nements du Groupe SLS se tiennent au profit du Fond Michel Julien du RSEQ-QCA.&nbsp;<\/p>\n\n\n\n<hr class=\"wp-block-separator\"\/>\n\n\n\n<h4 class=\"has-text-align-center wp-block-heading\">Notre expertise<\/h4>\n\n\n\n<div class=\"wp-block-columns alignwide is-layout-flex wp-container-core-columns-is-layout-1 wp-block-columns-is-layout-flex\">\n<div class=\"wp-block-column is-layout-flow wp-block-column-is-layout-flow\">\n<h6 class=\"wp-block-heading\">Organisation d&rsquo;\u00e9v\u00e9nements<\/h6>\n\n\n\n<p><strong>Soccer et basketball 3vs3<\/strong><em>        Soucieux d&rsquo;offrir une exp\u00e9rience unique aux gens de la Ville de Qu\u00e9bec et des alentours, le Groupe SLS<\/em> organise 2 tournois uniques \u00e0 Qu\u00e9bec! Ne manquez pas notre Classique provinciale de Basketball 3 vs 3 et notre \u00e9v\u00e9nement de street soccer!<\/p>\n\n\n\n<p><\/p>\n<\/div>\n\n\n\n<div class=\"wp-block-column is-layout-flow wp-block-column-is-layout-flow\">\n<h6 class=\"wp-block-heading\">Gestion de ligues<\/h6>\n\n\n\n<p><strong>Ligues Michel Julien <\/strong>  <em>Ces ligues  s\u2019adressent au grand public et se veulent des occasions de demeurer actifs dans un sport vous ayant apport\u00e9 beaucoup, tout en redonnant au d\u00e9veloppement du sport et \u00e0 sa promotion. Tous les profits tir\u00e9s des ligues Michel Julien seront vers\u00e9s en bourses ou en soutien financier \u00e0 des initiatives qui permettent de d\u00e9velopper les impacts positifs du sport sur le d\u00e9veloppement de la jeunesse.<\/em> <br><\/p>\n<\/div>\n\n\n\n<div class=\"wp-block-column is-layout-flow wp-block-column-is-layout-flow\">\n<h6 class=\"wp-block-heading\">Service personnalis\u00e9 <\/h6>\n\n\n\n<p><strong>Objectif forme<\/strong>    <em>Que ce soit dans votre milieu de travail, votre club ou autre regroupement, nous prenons en charge l&rsquo;organisation de tournois, de rencontres sportives amicales (ou non!), d&rsquo;entra\u00eenements ou autres. Ne vous cassez pas la t\u00eate, nous nous occupons de tout afin de vous proposer l&rsquo;\u00e9v\u00e9nement sportif dont vous r\u00eavez! <\/em><\/p>\n<\/div>\n<\/div>\n\n\n\n<p><\/p>\n","protected":false},"excerpt":{"rendered":"<p>\u00c0 propos Fond\u00e9 par le R\u00e9seau du sport \u00e9tudiant de Qu\u00e9bec Chaudi\u00e8re-Appalaches, le Groupe Sports, loisirs, sant\u00e9 est un OBNL d\u00e9di\u00e9 \u00e0 une offre de services sportifs en tout genre pour le grand public dans le but d\u2019amasser des fonds permettant une plus grande d\u00e9mocratisation du sport dans les r\u00e9gions de la Capitale-Nationale et de<a class=\"more-link\" href=\"https:\/\/sportsloisirssante.com\/\">Continue reading <span class=\"screen-reader-text\">&laquo; Accueil &raquo;<\/span><\/a><\/p>\n","protected":false},"author":1,"featured_media":0,"parent":82,"menu_order":0,"comment_status":"closed","ping_status":"closed","template":"","meta":{"footnotes":""},"class_list":["post-46","page","type-page","status-publish","hentry","entry"],"_links":{"self":[{"href":"https:\/\/sportsloisirssante.com\/index.php\/wp-json\/wp\/v2\/pages\/46"}],"collection":[{"href":"https:\/\/sportsloisirssante.com\/index.php\/wp-json\/wp\/v2\/pages"}],"about":[{"href":"https:\/\/sportsloisirssante.com\/index.php\/wp-json\/wp\/v2\/types\/page"}],"author":[{"embeddable":true,"href":"https:\/\/sportsloisirssante.com\/index.php\/wp-json\/wp\/v2\/users\/1"}],"replies":[{"embeddable":true,"href":"https:\/\/sportsloisirssante.com\/index.php\/wp-json\/wp\/v2\/comments?post=46"}],"version-history":[{"count":3,"href":"https:\/\/sportsloisirssante.com\/index.php\/wp-json\/wp\/v2\/pages\/46\/revisions"}],"predecessor-version":[{"id":140,"href":"https:\/\/sportsloisirssante.com\/index.php\/wp-json\/wp\/v2\/pages\/46\/revisions\/140"}],"up":[{"embeddable":true,"href":"https:\/\/sportsloisirssante.com\/index.php\/wp-json\/wp\/v2\/pages\/82"}],"wp:attachment":[{"href":"https:\/\/sportsloisirssante.com\/index.php\/wp-json\/wp\/v2\/media?parent=46"}],"curies":[{"name":"wp","href":"https:\/\/api.w.org\/{rel}","templated":true}]}}